{"id":18385,"date":"2020-05-30T12:00:15","date_gmt":"2020-05-30T12:00:15","guid":{"rendered":"https:\/\/kaos-shop.eu\/company-info\/"},"modified":"2020-05-30T12:00:17","modified_gmt":"2020-05-30T12:00:17","slug":"company-info","status":"publish","type":"page","link":"https:\/\/kaos-shop.eu\/en\/company-info\/","title":{"rendered":"Company info"},"content":{"rendered":"<div class=\"wpb-content-wrapper\"><p>[vc_row equal_height=&#8221;yes&#8221; css=&#8221;.vc_custom_1581452301316{margin-top: 80px !important;padding-right: 10% !important;padding-left: 10% !important;background-color: #f7f7f7 !important;}&#8221;][vc_column width=&#8221;1\/2&#8243;][vc_single_image image=&#8221;6984&#8243; img_size=&#8221;full&#8221; css_animation=&#8221;lightSpeedIn&#8221;][vc_column_text]<\/p>\n<h3>Sede\u017e podjetja:<\/h3>\n<p><strong>AMIZ d.o.o.<\/strong><br \/>\nPre\u0161ernova cesta 53<br \/>\n6310 Izola<br \/>\nSlovenija[\/vc_column_text][vc_separator][vc_column_text]<\/p>\n<ul>\n<li><strong>DDV ID \u0161tevilka<\/strong>: SI89413024<\/li>\n<li><strong>Zavezanec za DDV<\/strong>: DA<\/li>\n<li><strong>Mati\u010dna \u0161tevilka<\/strong>:\u00a03302725000<\/li>\n<li><strong>Registracija<\/strong> pri Okro\u017enem sodi\u0161\u010du v Kopru, opr. \u0160t. :2008\/13864<\/li>\n<\/ul>\n<p><strong>IBAN<\/strong>: SI56 0313 5100 0510 220 (BIC: SKBASI2X)[\/vc_column_text][vc_separator][vc_column_text]<\/p>\n<h3>Poslovne enote:<\/h3>\n<p>Trgovina Kaos, Pristani\u0161ka ulica 3, 6000 Koper, Slovenija[\/vc_column_text][\/vc_column][vc_column parallax=&#8221;content-moving&#8221; parallax_image=&#8221;11441&#8243; width=&#8221;1\/2&#8243;][vc_empty_space][\/vc_column][\/vc_row][vc_row css_animation=&#8221;fadeInRight&#8221; css=&#8221;.vc_custom_1581451847227{padding-right: 10% !important;padding-left: 10% !important;}&#8221;][vc_column][vc_icon icon_fontawesome=&#8221;fa fa-user-circle&#8221; color=&#8221;juicy_pink&#8221; size=&#8221;xl&#8221;][vc_column_text]<\/p>\n<h3 style=\"text-align: left;\">Kontakt za informacije in pomo\u010d uporabnikom<\/h3>\n<p>[\/vc_column_text][vc_column_text]<\/p>\n<ul>\n<li>E-po\u0161ta:\u00a0<a href=\"mailto:info@mimovrste.com\" target=\"_blank\" rel=\"noreferrer noopener\">info@<\/a>kaos-shop.eu<\/li>\n<li><strong>Telefon: +386 (0)40 861 211\u00a0 (whatsapp,viber)<\/strong>,<strong>\u00a0 +386 (0)5 903 79 68<\/strong><\/li>\n<li>Prosimo, ne odgovarjajte na SMS sporo\u010dila o odpremi oz. o pripravi naro\u010dila za osebni prevzem, kajti va\u0161ih odgovorov ne bomo prejeli. SMS sporo\u010dila so namenjena izklju\u010dno obve\u0161\u010danju kupcev. Za uporabni\u0161ki nasvet smo dosegljivi na elektronski po\u0161ti in telefonu.<\/li>\n<\/ul>\n<p>[\/vc_column_text][\/vc_column][\/vc_row][vc_row css_animation=&#8221;fadeInLeft&#8221; css=&#8221;.vc_custom_1581452001952{padding-right: 10% !important;padding-left: 10% !important;}&#8221;][vc_column][vc_icon icon_fontawesome=&#8221;fa fa-phone-square&#8221; color=&#8221;juicy_pink&#8221; size=&#8221;xl&#8221;][vc_column_text]<\/p>\n<h3>Naro\u010dila po telefonu<\/h3>\n<p>[\/vc_column_text][vc_column_text]Naro\u010dilo lahko oddate tudi preko telefona. Pokli\u010dite nas na 040861211. Na voljo smo vam od\u00a0<strong>ponedeljka<\/strong>\u00a0do\u00a0<strong>petka<\/strong>\u00a0od 9.00 do 19.00 in ob\u00a0<strong>sobotah<\/strong>\u00a0od 9.00 do 13.00.[\/vc_column_text][\/vc_column][\/vc_row]<\/p>\n<\/div>","protected":false},"excerpt":{"rendered":"<p>[vc_row equal_height=&#8221;yes&#8221; css=&#8221;.vc_custom_1581452301316{margin-top: 80px !important;padding-right: 10% !important;padding-left: 10% !important;background-color: #f7f7f7 !important;}&#8221;][vc_column width=&#8221;1\/2&#8243;][vc_single_image image=&#8221;6984&#8243; img_size=&#8221;full&#8221; css_animation=&#8221;lightSpeedIn&#8221;][vc_column_text] Sede\u017e podjetja: AMIZ d.o.o. Pre\u0161ernova cesta 53 6310 Izola Slovenija[\/vc_column_text][vc_separator][vc_column_text] DDV ID \u0161tevilka: SI89413024 Zavezanec za DDV: DA Mati\u010dna \u0161tevilka:\u00a03302725000 Registracija pri Okro\u017enem sodi\u0161\u010du v Kopru, opr. \u0160t. :2008\/13864 IBAN: SI56 0313 5100 0510 220 (BIC: SKBASI2X)[\/vc_column_text][vc_separator][vc_column_text] Poslovne enote: Trgovina [&hellip;]<\/p>\n","protected":false},"author":2,"featured_media":0,"parent":0,"menu_order":0,"comment_status":"closed","ping_status":"closed","template":"","meta":{"_acf_changed":false,"footnotes":""},"class_list":["post-18385","page","type-page","status-publish","hentry"],"acf":[],"yoast_head":"<!-- This site is optimized with the Yoast SEO plugin v26.2 - https:\/\/yoast.com\/wordpress\/plugins\/seo\/ -->\n<title>Company info - Kaos Trgovina<\/title>\n<meta name=\"robots\" content=\"index, follow, max-snippet:-1, max-image-preview:large, max-video-preview:-1\" \/>\n<link rel=\"canonical\" href=\"https:\/\/kaos-shop.eu\/en\/company-info\/\" \/>\n<meta property=\"og:locale\" content=\"en_US\" \/>\n<meta property=\"og:type\" content=\"article\" \/>\n<meta property=\"og:title\" content=\"Company info - Kaos Trgovina\" \/>\n<meta property=\"og:description\" content=\"[vc_row equal_height=&#8221;yes&#8221; css=&#8221;.vc_custom_1581452301316{margin-top: 80px !important;padding-right: 10% !important;padding-left: 10% !important;background-color: #f7f7f7 !important;}&#8221;][vc_column width=&#8221;1\/2&#8243;][vc_single_image image=&#8221;6984&#8243; img_size=&#8221;full&#8221; css_animation=&#8221;lightSpeedIn&#8221;][vc_column_text] Sede\u017e podjetja: AMIZ d.o.o. Pre\u0161ernova cesta 53 6310 Izola Slovenija[\/vc_column_text][vc_separator][vc_column_text] DDV ID \u0161tevilka: SI89413024 Zavezanec za DDV: DA Mati\u010dna \u0161tevilka:\u00a03302725000 Registracija pri Okro\u017enem sodi\u0161\u010du v Kopru, opr. \u0160t. :2008\/13864 IBAN: SI56 0313 5100 0510 220 (BIC: SKBASI2X)[\/vc_column_text][vc_separator][vc_column_text] Poslovne enote: Trgovina [&hellip;]\" \/>\n<meta property=\"og:url\" content=\"https:\/\/kaos-shop.eu\/en\/company-info\/\" \/>\n<meta property=\"og:site_name\" content=\"Kaos Trgovina\" \/>\n<meta property=\"article:modified_time\" content=\"2020-05-30T12:00:17+00:00\" \/>\n<meta name=\"twitter:card\" content=\"summary_large_image\" \/>\n<meta name=\"twitter:label1\" content=\"Est. reading time\" \/>\n\t<meta name=\"twitter:data1\" content=\"1 minute\" \/>\n<script type=\"application\/ld+json\" class=\"yoast-schema-graph\">{\"@context\":\"https:\/\/schema.org\",\"@graph\":[{\"@type\":\"WebPage\",\"@id\":\"https:\/\/kaos-shop.eu\/en\/company-info\/\",\"url\":\"https:\/\/kaos-shop.eu\/en\/company-info\/\",\"name\":\"Company info - Kaos Trgovina\",\"isPartOf\":{\"@id\":\"https:\/\/kaos-shop.eu\/#website\"},\"datePublished\":\"2020-05-30T12:00:15+00:00\",\"dateModified\":\"2020-05-30T12:00:17+00:00\",\"breadcrumb\":{\"@id\":\"https:\/\/kaos-shop.eu\/en\/company-info\/#breadcrumb\"},\"inLanguage\":\"en-US\",\"potentialAction\":[{\"@type\":\"ReadAction\",\"target\":[\"https:\/\/kaos-shop.eu\/en\/company-info\/\"]}]},{\"@type\":\"BreadcrumbList\",\"@id\":\"https:\/\/kaos-shop.eu\/en\/company-info\/#breadcrumb\",\"itemListElement\":[{\"@type\":\"ListItem\",\"position\":1,\"name\":\"Home\",\"item\":\"https:\/\/kaos-shop.eu\/en\/\"},{\"@type\":\"ListItem\",\"position\":2,\"name\":\"Company info\"}]},{\"@type\":\"WebSite\",\"@id\":\"https:\/\/kaos-shop.eu\/#website\",\"url\":\"https:\/\/kaos-shop.eu\/\",\"name\":\"Kaos Trgovina\",\"description\":\"Modna obla\u010dila - Modna obutev - Modni dodatki\",\"potentialAction\":[{\"@type\":\"SearchAction\",\"target\":{\"@type\":\"EntryPoint\",\"urlTemplate\":\"https:\/\/kaos-shop.eu\/?s={search_term_string}\"},\"query-input\":{\"@type\":\"PropertyValueSpecification\",\"valueRequired\":true,\"valueName\":\"search_term_string\"}}],\"inLanguage\":\"en-US\"}]}<\/script>\n<!-- \/ Yoast SEO plugin. -->","yoast_head_json":{"title":"Company info - Kaos Trgovina","robots":{"index":"index","follow":"follow","max-snippet":"max-snippet:-1","max-image-preview":"max-image-preview:large","max-video-preview":"max-video-preview:-1"},"canonical":"https:\/\/kaos-shop.eu\/en\/company-info\/","og_locale":"en_US","og_type":"article","og_title":"Company info - Kaos Trgovina","og_description":"[vc_row equal_height=&#8221;yes&#8221; css=&#8221;.vc_custom_1581452301316{margin-top: 80px !important;padding-right: 10% !important;padding-left: 10% !important;background-color: #f7f7f7 !important;}&#8221;][vc_column width=&#8221;1\/2&#8243;][vc_single_image image=&#8221;6984&#8243; img_size=&#8221;full&#8221; css_animation=&#8221;lightSpeedIn&#8221;][vc_column_text] Sede\u017e podjetja: AMIZ d.o.o. Pre\u0161ernova cesta 53 6310 Izola Slovenija[\/vc_column_text][vc_separator][vc_column_text] DDV ID \u0161tevilka: SI89413024 Zavezanec za DDV: DA Mati\u010dna \u0161tevilka:\u00a03302725000 Registracija pri Okro\u017enem sodi\u0161\u010du v Kopru, opr. \u0160t. :2008\/13864 IBAN: SI56 0313 5100 0510 220 (BIC: SKBASI2X)[\/vc_column_text][vc_separator][vc_column_text] Poslovne enote: Trgovina [&hellip;]","og_url":"https:\/\/kaos-shop.eu\/en\/company-info\/","og_site_name":"Kaos Trgovina","article_modified_time":"2020-05-30T12:00:17+00:00","twitter_card":"summary_large_image","twitter_misc":{"Est. reading time":"1 minute"},"schema":{"@context":"https:\/\/schema.org","@graph":[{"@type":"WebPage","@id":"https:\/\/kaos-shop.eu\/en\/company-info\/","url":"https:\/\/kaos-shop.eu\/en\/company-info\/","name":"Company info - Kaos Trgovina","isPartOf":{"@id":"https:\/\/kaos-shop.eu\/#website"},"datePublished":"2020-05-30T12:00:15+00:00","dateModified":"2020-05-30T12:00:17+00:00","breadcrumb":{"@id":"https:\/\/kaos-shop.eu\/en\/company-info\/#breadcrumb"},"inLanguage":"en-US","potentialAction":[{"@type":"ReadAction","target":["https:\/\/kaos-shop.eu\/en\/company-info\/"]}]},{"@type":"BreadcrumbList","@id":"https:\/\/kaos-shop.eu\/en\/company-info\/#breadcrumb","itemListElement":[{"@type":"ListItem","position":1,"name":"Home","item":"https:\/\/kaos-shop.eu\/en\/"},{"@type":"ListItem","position":2,"name":"Company info"}]},{"@type":"WebSite","@id":"https:\/\/kaos-shop.eu\/#website","url":"https:\/\/kaos-shop.eu\/","name":"Kaos Trgovina","description":"Modna obla\u010dila - Modna obutev - Modni dodatki","potentialAction":[{"@type":"SearchAction","target":{"@type":"EntryPoint","urlTemplate":"https:\/\/kaos-shop.eu\/?s={search_term_string}"},"query-input":{"@type":"PropertyValueSpecification","valueRequired":true,"valueName":"search_term_string"}}],"inLanguage":"en-US"}]}},"_links":{"self":[{"href":"https:\/\/kaos-shop.eu\/en\/wp-json\/wp\/v2\/pages\/18385","targetHints":{"allow":["GET"]}}],"collection":[{"href":"https:\/\/kaos-shop.eu\/en\/wp-json\/wp\/v2\/pages"}],"about":[{"href":"https:\/\/kaos-shop.eu\/en\/wp-json\/wp\/v2\/types\/page"}],"author":[{"embeddable":true,"href":"https:\/\/kaos-shop.eu\/en\/wp-json\/wp\/v2\/users\/2"}],"replies":[{"embeddable":true,"href":"https:\/\/kaos-shop.eu\/en\/wp-json\/wp\/v2\/comments?post=18385"}],"version-history":[{"count":0,"href":"https:\/\/kaos-shop.eu\/en\/wp-json\/wp\/v2\/pages\/18385\/revisions"}],"wp:attachment":[{"href":"https:\/\/kaos-shop.eu\/en\/wp-json\/wp\/v2\/media?parent=18385"}],"curies":[{"name":"wp","href":"https:\/\/api.w.org\/{rel}","templated":true}]}}