{"id":11439,"date":"2020-02-10T16:02:16","date_gmt":"2020-02-10T16:02:16","guid":{"rendered":"https:\/\/kaos-shop.eu\/dostup-do-podataka\/"},"modified":"2020-05-30T11:14:18","modified_gmt":"2020-05-30T11:14:18","slug":"dostup-do-podataka","status":"publish","type":"page","link":"https:\/\/kaos-shop.eu\/hr\/dostup-do-podataka\/","title":{"rendered":"Dostup do podataka"},"content":{"rendered":"<div class=\"wpgdprc\">\n<form class=\"wpgdprc-form wpgdprc-form--access-request\" name=\"wpgdprc_form\" method=\"POST\">\n    <ul class=\"wpgdprc-form__fields\">\n        \n<li class=\"wpgdprc-form__field\">\n    <label for=\"wpgdprc-form__email\" class=\"screen-reader-text\">Va\u0161a email adresa<\/label>\n    <input type=\"email\" class=\"wpgdprc-form__input wpgdprc-form__input--email\" name=\"wpgdprc_email\" id=\"wpgdprc-form__email\" placeholder=\"Va\u0161a email adresa\" required \/>\n<\/li>\n        \n<li class=\"wpgdprc-form__field wpgdprc-form__field--checkbox\">\n    <input class=\"wpgdprc-form__input wpgdprc-form__input--checkbox\" type=\"checkbox\" name=\"wpgdprc_consent\" id=\"wpgdprc-form__consent\" value=\"1\" required \/>\n    <label class=\"wpgdprc-form__label\" for=\"wpgdprc-form__consent\">Upotrebom ovog obrasca prihva\u0107ate pohranu i rukovanje va\u0161im podacima na ovoj web stranici.<\/label>\n<\/li>\n    <\/ul>\n    <div class=\"wpgdprc-form__footer\">\n        \n<p class=\"wpgdprc-form__submit\">\n    <input type=\"submit\" class=\"wpgdprc-form__input wpgdprc-form__input--submit\" name=\"wpgdprc_submit\" value=\"Po\u0161alji\" \/>\n<\/p>\n    <\/div>\n    <div class=\"wpgdprc-message\" style=\"display:none;\"><\/div>\n<\/form>\n<\/div>\n","protected":false},"excerpt":{"rendered":"Va\u0161a email adresa Upotrebom ovog obrasca prihva\u0107ate pohranu i rukovanje va\u0161im podacima na ovoj web stranici.","protected":false},"author":2,"featured_media":0,"parent":0,"menu_order":0,"comment_status":"closed","ping_status":"closed","template":"","meta":{"_acf_changed":false,"footnotes":""},"class_list":["post-11439","page","type-page","status-publish","hentry"],"acf":[],"yoast_head":"<!-- This site is optimized with the Yoast SEO plugin v26.2 - https:\/\/yoast.com\/wordpress\/plugins\/seo\/ -->\n<title>Dostup do podataka - Kaos Trgovina<\/title>\n<meta name=\"robots\" content=\"index, follow, max-snippet:-1, max-image-preview:large, max-video-preview:-1\" \/>\n<link rel=\"canonical\" href=\"https:\/\/kaos-shop.eu\/hr\/dostup-do-podataka\/\" \/>\n<meta property=\"og:locale\" content=\"hr_HR\" \/>\n<meta property=\"og:type\" content=\"article\" \/>\n<meta property=\"og:title\" content=\"Dostup do podataka - Kaos Trgovina\" \/>\n<meta property=\"og:url\" content=\"https:\/\/kaos-shop.eu\/hr\/dostup-do-podataka\/\" \/>\n<meta property=\"og:site_name\" content=\"Kaos Trgovina\" \/>\n<meta property=\"article:modified_time\" content=\"2020-05-30T11:14:18+00:00\" \/>\n<meta name=\"twitter:card\" content=\"summary_large_image\" \/>\n<script type=\"application\/ld+json\" class=\"yoast-schema-graph\">{\"@context\":\"https:\/\/schema.org\",\"@graph\":[{\"@type\":\"WebPage\",\"@id\":\"https:\/\/kaos-shop.eu\/hr\/dostup-do-podataka\/\",\"url\":\"https:\/\/kaos-shop.eu\/hr\/dostup-do-podataka\/\",\"name\":\"Dostup do podataka - Kaos Trgovina\",\"isPartOf\":{\"@id\":\"https:\/\/kaos-shop.eu\/#website\"},\"datePublished\":\"2020-02-10T16:02:16+00:00\",\"dateModified\":\"2020-05-30T11:14:18+00:00\",\"breadcrumb\":{\"@id\":\"https:\/\/kaos-shop.eu\/hr\/dostup-do-podataka\/#breadcrumb\"},\"inLanguage\":\"hr\",\"potentialAction\":[{\"@type\":\"ReadAction\",\"target\":[\"https:\/\/kaos-shop.eu\/hr\/dostup-do-podataka\/\"]}]},{\"@type\":\"BreadcrumbList\",\"@id\":\"https:\/\/kaos-shop.eu\/hr\/dostup-do-podataka\/#breadcrumb\",\"itemListElement\":[{\"@type\":\"ListItem\",\"position\":1,\"name\":\"Home\",\"item\":\"https:\/\/kaos-shop.eu\/hr\/\"},{\"@type\":\"ListItem\",\"position\":2,\"name\":\"Dostup do podataka\"}]},{\"@type\":\"WebSite\",\"@id\":\"https:\/\/kaos-shop.eu\/#website\",\"url\":\"https:\/\/kaos-shop.eu\/\",\"name\":\"Kaos Trgovina\",\"description\":\"Modna obla\u010dila - Modna obutev - Modni dodatki\",\"potentialAction\":[{\"@type\":\"SearchAction\",\"target\":{\"@type\":\"EntryPoint\",\"urlTemplate\":\"https:\/\/kaos-shop.eu\/?s={search_term_string}\"},\"query-input\":{\"@type\":\"PropertyValueSpecification\",\"valueRequired\":true,\"valueName\":\"search_term_string\"}}],\"inLanguage\":\"hr\"}]}<\/script>\n<!-- \/ Yoast SEO plugin. -->","yoast_head_json":{"title":"Dostup do podataka - Kaos Trgovina","robots":{"index":"index","follow":"follow","max-snippet":"max-snippet:-1","max-image-preview":"max-image-preview:large","max-video-preview":"max-video-preview:-1"},"canonical":"https:\/\/kaos-shop.eu\/hr\/dostup-do-podataka\/","og_locale":"hr_HR","og_type":"article","og_title":"Dostup do podataka - Kaos Trgovina","og_url":"https:\/\/kaos-shop.eu\/hr\/dostup-do-podataka\/","og_site_name":"Kaos Trgovina","article_modified_time":"2020-05-30T11:14:18+00:00","twitter_card":"summary_large_image","schema":{"@context":"https:\/\/schema.org","@graph":[{"@type":"WebPage","@id":"https:\/\/kaos-shop.eu\/hr\/dostup-do-podataka\/","url":"https:\/\/kaos-shop.eu\/hr\/dostup-do-podataka\/","name":"Dostup do podataka - Kaos Trgovina","isPartOf":{"@id":"https:\/\/kaos-shop.eu\/#website"},"datePublished":"2020-02-10T16:02:16+00:00","dateModified":"2020-05-30T11:14:18+00:00","breadcrumb":{"@id":"https:\/\/kaos-shop.eu\/hr\/dostup-do-podataka\/#breadcrumb"},"inLanguage":"hr","potentialAction":[{"@type":"ReadAction","target":["https:\/\/kaos-shop.eu\/hr\/dostup-do-podataka\/"]}]},{"@type":"BreadcrumbList","@id":"https:\/\/kaos-shop.eu\/hr\/dostup-do-podataka\/#breadcrumb","itemListElement":[{"@type":"ListItem","position":1,"name":"Home","item":"https:\/\/kaos-shop.eu\/hr\/"},{"@type":"ListItem","position":2,"name":"Dostup do podataka"}]},{"@type":"WebSite","@id":"https:\/\/kaos-shop.eu\/#website","url":"https:\/\/kaos-shop.eu\/","name":"Kaos Trgovina","description":"Modna obla\u010dila - Modna obutev - Modni dodatki","potentialAction":[{"@type":"SearchAction","target":{"@type":"EntryPoint","urlTemplate":"https:\/\/kaos-shop.eu\/?s={search_term_string}"},"query-input":{"@type":"PropertyValueSpecification","valueRequired":true,"valueName":"search_term_string"}}],"inLanguage":"hr"}]}},"_links":{"self":[{"href":"https:\/\/kaos-shop.eu\/hr\/wp-json\/wp\/v2\/pages\/11439","targetHints":{"allow":["GET"]}}],"collection":[{"href":"https:\/\/kaos-shop.eu\/hr\/wp-json\/wp\/v2\/pages"}],"about":[{"href":"https:\/\/kaos-shop.eu\/hr\/wp-json\/wp\/v2\/types\/page"}],"author":[{"embeddable":true,"href":"https:\/\/kaos-shop.eu\/hr\/wp-json\/wp\/v2\/users\/2"}],"replies":[{"embeddable":true,"href":"https:\/\/kaos-shop.eu\/hr\/wp-json\/wp\/v2\/comments?post=11439"}],"version-history":[{"count":0,"href":"https:\/\/kaos-shop.eu\/hr\/wp-json\/wp\/v2\/pages\/11439\/revisions"}],"wp:attachment":[{"href":"https:\/\/kaos-shop.eu\/hr\/wp-json\/wp\/v2\/media?parent=11439"}],"curies":[{"name":"wp","href":"https:\/\/api.w.org\/{rel}","templated":true}]}}