{"id":18345,"date":"2020-05-30T11:19:01","date_gmt":"2020-05-30T11:19:01","guid":{"rendered":"https:\/\/kaos-shop.eu\/cjenik-dostave\/"},"modified":"2025-08-05T07:49:11","modified_gmt":"2025-08-05T07:49:11","slug":"cjenik-dostave","status":"publish","type":"page","link":"https:\/\/kaos-shop.eu\/hr\/cjenik-dostave\/","title":{"rendered":"Cjenik dostave"},"content":{"rendered":"<div class=\"wpb-content-wrapper\"><p>[vc_row css=&#8221;.vc_custom_1582110979356{margin-top: 100px !important;padding-right: 10% !important;padding-left: 10% !important;}&#8221;][vc_column][vc_column_text]<strong>Sve cijene uklju\u010duju PDV (22%)! Zadr\u017eavamo pravo na promjene cijena, ukoliko ih promijeni dostavna slu\u017eba GLS. Cjenik vrijedi od 05.08.2025<\/strong><\/p>\n<p><span class=\"_5yl5\">Od 1.4.2019. Petrol je u svojim poslovnicama po\u010deo dodatno napla\u0107ivati uslugu uru\u010denja paketa kupcu (0,45\u20ac) i uslugu obrade otkupnine (1,05\u20ac) i primateljima GLS paketa. Ukoliko za preusmjeravanje paketa odaberete bilo koju Petrol BS poslovnicu, platit \u0107ete 0,45\u20ac za uru\u010denje paketa bez otkupnine i 1,50\u20ac za uru\u010denje paketa s otkupninom. Iznos vrijedi za svaki pojedina\u010dno uru\u010den paket. Predla\u017eemo da, kako biste izbjegli dodatne tro\u0161kove, dostavu po\u0161iljke naru\u010dite na ku\u0107nu ili poslovnu adresu, a na raspolaganju imate i vi\u0161e od 500 GLS mjesta za preuzimanje, gdje mo\u017eete preuzeti po\u0161iljku bez doplate. <a href=\"https:\/\/gls-group.eu\/SI\/sl\/gls-iskanje-parcelshop\">GLS mjesta za preuzimanje<\/a><\/span><\/p>\n<p><span class=\"_5yl5\">Kurirska slu\u017eba GLS \u017eeli svakom kupcu, koji preuzme paket na benzinskoj postaji PETROL, vratiti barem dio ili ne\u0161to vi\u0161e od tog dodatnog iznosa. S tim ciljem pripremila je bonove u vrijednosti 1,00 \u20ac u obliku koda za popust pri slanju paketa za svaki paket koji kupci preuzmu na PETROL-u. Kod za popust je GLS broj paketa. Potro\u0161a\u010d ga upisuje u GLS internetskoj trgovini: Posljipaket.si. Kod vrijedi za jednu narud\u017ebu u roku od jednog mjeseca.<\/span><\/p>\n<p>&nbsp;<\/p>\n<table>\n<tbody>\n<tr>\n<td><\/td>\n<td><strong>DR\u017dAVA<\/strong><\/td>\n<td><strong>Cijena Po\u0161tarine<\/strong><\/td>\n<td><strong>Pla\u0107anje pouze\u0107em<\/strong><\/td>\n<td><strong>Dostava<\/strong><\/td>\n<\/tr>\n<tr>\n<td><img loading=\"lazy\" decoding=\"async\" class=\"alignnone size-full wp-image-12699\" src=\"https:\/\/kaos-shop.eu\/wp-content\/uploads\/2020\/02\/SI-1.png\" alt=\"\" width=\"48\" height=\"48\" \/><\/td>\n<td>Slovenija<\/td>\n<td>3,90\u20ac<\/td>\n<td>Ne nudimo<\/td>\n<td>1-2 dana<\/td>\n<\/tr>\n<tr>\n<td><img loading=\"lazy\" decoding=\"async\" class=\"alignnone size-full wp-image-12649\" src=\"https:\/\/kaos-shop.eu\/wp-content\/uploads\/2020\/02\/HR.png\" alt=\"\" width=\"48\" height=\"48\" \/><\/td>\n<td>Hrvatska<\/td>\n<td>5,90\u20ac<\/td>\n<td>Ne nudimo<\/td>\n<td>1-3 dana<\/td>\n<\/tr>\n<tr>\n<td><img loading=\"lazy\" decoding=\"async\" class=\"alignnone size-full wp-image-12659\" src=\"https:\/\/kaos-shop.eu\/wp-content\/uploads\/2020\/02\/IT.png\" alt=\"\" width=\"48\" height=\"48\" \/><\/td>\n<td>Italija<\/td>\n<td>7,50\u20ac<\/td>\n<td>Ne nudimo<\/td>\n<td>1-3 dana<\/td>\n<\/tr>\n<tr>\n<td><img loading=\"lazy\" decoding=\"async\" class=\"alignnone size-full wp-image-12589\" src=\"https:\/\/kaos-shop.eu\/wp-content\/uploads\/2020\/02\/AT.png\" alt=\"\" width=\"48\" height=\"48\" \/><\/td>\n<td>Austrija<\/td>\n<td>7,00\u20ac<\/td>\n<td>Ne nudimo<\/td>\n<td>1-3 dana<\/td>\n<\/tr>\n<tr>\n<td><img loading=\"lazy\" decoding=\"async\" class=\"alignnone size-full wp-image-12609\" src=\"https:\/\/kaos-shop.eu\/wp-content\/uploads\/2020\/02\/DE.png\" alt=\"\" width=\"48\" height=\"48\" \/><\/td>\n<td>Njema\u010dka<\/td>\n<td>8,00\u20ac<\/td>\n<td>Ne nudimo<\/td>\n<td>1-3 dana<\/td>\n<\/tr>\n<tr>\n<td><img loading=\"lazy\" decoding=\"async\" class=\"alignnone size-full wp-image-12664\" src=\"https:\/\/kaos-shop.eu\/wp-content\/uploads\/2020\/02\/LU.png\" alt=\"\" width=\"48\" height=\"48\" \/><\/td>\n<td>Luksemburg<\/td>\n<td>9,50\u20ac<\/td>\n<td>Ne nudimo<\/td>\n<td>1-3 dana<\/td>\n<\/tr>\n<tr>\n<td><img loading=\"lazy\" decoding=\"async\" class=\"alignnone size-full wp-image-12679\" src=\"https:\/\/kaos-shop.eu\/wp-content\/uploads\/2020\/02\/NL.png\" alt=\"\" width=\"48\" height=\"48\" \/><\/td>\n<td>Nizozemska<\/td>\n<td>8,50\u20ac<\/td>\n<td>Ne nudimo<\/td>\n<td>1-3 dana<\/td>\n<\/tr>\n<tr>\n<td><img loading=\"lazy\" decoding=\"async\" class=\"alignnone size-full wp-image-12594\" src=\"https:\/\/kaos-shop.eu\/wp-content\/uploads\/2020\/02\/BE.png\" alt=\"\" width=\"48\" height=\"48\" \/><\/td>\n<td>Belgija<\/td>\n<td>8,50\u20ac<\/td>\n<td>Ne nudimo<\/td>\n<td>1-3 dana<\/td>\n<\/tr>\n<tr>\n<td><img loading=\"lazy\" decoding=\"async\" class=\"alignnone size-full wp-image-12614\" src=\"https:\/\/kaos-shop.eu\/wp-content\/uploads\/2020\/02\/DK.png\" alt=\"\" width=\"48\" height=\"48\" \/><\/td>\n<td>Danska<\/td>\n<td>8,50\u20ac<\/td>\n<td>Ne nudimo<\/td>\n<td>1-3 dana<\/td>\n<\/tr>\n<tr>\n<td><img loading=\"lazy\" decoding=\"async\" class=\"alignnone size-full wp-image-12654\" src=\"https:\/\/kaos-shop.eu\/wp-content\/uploads\/2020\/02\/HU.png\" alt=\"\" width=\"48\" height=\"48\" \/><\/td>\n<td>Ma\u0111arska<\/td>\n<td>9,50\u20ac<\/td>\n<td>Ne nudimo<\/td>\n<td>1-3 dana<\/td>\n<\/tr>\n<tr>\n<td><img loading=\"lazy\" decoding=\"async\" class=\"alignnone size-full wp-image-12634\" src=\"https:\/\/kaos-shop.eu\/wp-content\/uploads\/2020\/02\/FR.png\" alt=\"\" width=\"48\" height=\"48\" \/><\/td>\n<td>Francuska<\/td>\n<td>12,00\u20ac<\/td>\n<td>Ne nudimo<\/td>\n<td>1-3 dana<\/td>\n<\/tr>\n<tr>\n<td><img loading=\"lazy\" decoding=\"async\" class=\"alignnone size-full wp-image-12684\" src=\"https:\/\/kaos-shop.eu\/wp-content\/uploads\/2020\/02\/PL.png\" alt=\"\" width=\"48\" height=\"48\" \/><\/td>\n<td>Poljska<\/td>\n<td>9,50\u20ac<\/td>\n<td>Ne nudimo<\/td>\n<td>1-3 dana<\/td>\n<\/tr>\n<tr>\n<td><img loading=\"lazy\" decoding=\"async\" class=\"alignnone size-full wp-image-12604\" src=\"https:\/\/kaos-shop.eu\/wp-content\/uploads\/2020\/02\/CZ.png\" alt=\"\" width=\"48\" height=\"48\" \/><\/td>\n<td>\u010ce\u0161ka<\/td>\n<td>8,00\u20ac<\/td>\n<td>Ne nudimo<\/td>\n<td>1-3 dana<\/td>\n<\/tr>\n<tr>\n<td><img loading=\"lazy\" decoding=\"async\" class=\"alignnone size-full wp-image-12704\" src=\"https:\/\/kaos-shop.eu\/wp-content\/uploads\/2020\/02\/SK.png\" alt=\"\" width=\"48\" height=\"48\" \/><\/td>\n<td>Slova\u010dka<\/td>\n<td>7,00\u20ac<\/td>\n<td>Ne nudimo<\/td>\n<td>1-3 dana<\/td>\n<\/tr>\n<tr>\n<td><img loading=\"lazy\" decoding=\"async\" class=\"alignnone size-full wp-image-12639\" src=\"https:\/\/kaos-shop.eu\/wp-content\/uploads\/2020\/02\/GB.png\" alt=\"\" width=\"48\" height=\"48\" \/><\/td>\n<td>Velika Britanija<\/td>\n<td>&#8212;<\/td>\n<td>Ne nudimo<\/td>\n<td>&#8212;<\/td>\n<\/tr>\n<tr>\n<td><img loading=\"lazy\" decoding=\"async\" class=\"alignnone size-full wp-image-12674\" src=\"https:\/\/kaos-shop.eu\/wp-content\/uploads\/2020\/02\/MC.png\" alt=\"\" width=\"48\" height=\"48\" \/><\/td>\n<td>Monako<\/td>\n<td>13,80\u20ac<\/td>\n<td>Ne nudimo<\/td>\n<td>1-3 dana<\/td>\n<\/tr>\n<tr>\n<td><img loading=\"lazy\" decoding=\"async\" class=\"alignnone size-full wp-image-12689\" src=\"https:\/\/kaos-shop.eu\/wp-content\/uploads\/2020\/02\/RO.png\" alt=\"\" width=\"48\" height=\"48\" \/><\/td>\n<td>Rumunjska<\/td>\n<td>9,50\u20ac<\/td>\n<td>Ne nudimo<\/td>\n<td>2-5 dana<\/td>\n<\/tr>\n<tr>\n<td><img loading=\"lazy\" decoding=\"async\" class=\"alignnone size-full wp-image-12624\" src=\"https:\/\/kaos-shop.eu\/wp-content\/uploads\/2020\/02\/ES.png\" alt=\"\" width=\"48\" height=\"48\" \/><\/td>\n<td>\u0160panjolska<\/td>\n<td>14,00\u20ac<\/td>\n<td>Ne nudimo<\/td>\n<td>2-5 dana<\/td>\n<\/tr>\n<tr>\n<td><img loading=\"lazy\" decoding=\"async\" class=\"alignnone size-full wp-image-12694\" src=\"https:\/\/kaos-shop.eu\/wp-content\/uploads\/2020\/02\/SE.png\" alt=\"\" width=\"48\" height=\"48\" \/><\/td>\n<td>\u0160vedska<\/td>\n<td>12,70\u20ac<\/td>\n<td>Ne nudimo<\/td>\n<td>2-5 dana<\/td>\n<\/tr>\n<tr>\n<td><img loading=\"lazy\" decoding=\"async\" class=\"alignnone size-full wp-image-12619\" src=\"https:\/\/kaos-shop.eu\/wp-content\/uploads\/2020\/02\/EE.png\" alt=\"\" width=\"48\" height=\"48\" \/><\/td>\n<td>Estonija<\/td>\n<td>12,00\u20ac<\/td>\n<td>Ne nudimo<\/td>\n<td>2-5 dana<\/td>\n<\/tr>\n<tr>\n<td><img loading=\"lazy\" decoding=\"async\" class=\"alignnone size-full wp-image-12669\" src=\"https:\/\/kaos-shop.eu\/wp-content\/uploads\/2020\/02\/LV.png\" alt=\"\" width=\"48\" height=\"48\" \/><\/td>\n<td>Latvija<\/td>\n<td>11,00\u20ac<\/td>\n<td>Ne nudimo<\/td>\n<td>2-5 dana<\/td>\n<\/tr>\n<tr>\n<td><img loading=\"lazy\" decoding=\"async\" class=\"alignnone size-full wp-image-12629\" src=\"https:\/\/kaos-shop.eu\/wp-content\/uploads\/2020\/02\/FI.png\" alt=\"\" width=\"48\" height=\"48\" \/><\/td>\n<td>Finska<\/td>\n<td>15,50\u20ac<\/td>\n<td>Ne nudimo<\/td>\n<td>2-5 dana<\/td>\n<\/tr>\n<tr>\n<td><img loading=\"lazy\" decoding=\"async\" class=\"alignnone size-full wp-image-12644\" src=\"https:\/\/kaos-shop.eu\/wp-content\/uploads\/2020\/02\/GR.png\" alt=\"\" width=\"48\" height=\"48\" \/><\/td>\n<td>Gr\u010dka<\/td>\n<td>12,00\u20ac<\/td>\n<td>Ne nudimo<\/td>\n<td>3-4 dana<\/td>\n<\/tr>\n<tr>\n<td><img loading=\"lazy\" decoding=\"async\" class=\"alignnone size-full wp-image-12599\" src=\"https:\/\/kaos-shop.eu\/wp-content\/uploads\/2020\/02\/BG.png\" alt=\"\" width=\"48\" height=\"48\" \/><\/td>\n<td>Bugarska<\/td>\n<td>8,50\u20ac<\/td>\n<td>Ne nudimo<\/td>\n<td>3-4 dana<\/td>\n<\/tr>\n<\/tbody>\n<\/table>\n<p>[\/vc_column_text][\/vc_column][\/vc_row]<\/p>\n<\/div>","protected":false},"excerpt":{"rendered":"<p>[vc_row css=&#8221;.vc_custom_1582110979356{margin-top: 100px !important;padding-right: 10% !important;padding-left: 10% !important;}&#8221;][vc_column][vc_column_text]Sve cijene uklju\u010duju PDV (22%)! Zadr\u017eavamo pravo na promjene cijena, ukoliko ih promijeni dostavna slu\u017eba GLS. Cjenik vrijedi od 05.08.2025 Od 1.4.2019. Petrol je u svojim poslovnicama po\u010deo dodatno napla\u0107ivati uslugu uru\u010denja paketa kupcu (0,45\u20ac) i uslugu obrade otkupnine (1,05\u20ac) i primateljima GLS paketa. Ukoliko za preusmjeravanje paketa [&hellip;]<\/p>\n","protected":false},"author":2,"featured_media":0,"parent":0,"menu_order":0,"comment_status":"closed","ping_status":"closed","template":"","meta":{"_acf_changed":false,"footnotes":""},"class_list":["post-18345","page","type-page","status-publish","hentry"],"acf":[],"yoast_head":"<!-- This site is optimized with the Yoast SEO plugin v26.2 - https:\/\/yoast.com\/wordpress\/plugins\/seo\/ -->\n<title>Cjenik dostave - Kaos Trgovina<\/title>\n<meta name=\"robots\" content=\"index, follow, max-snippet:-1, max-image-preview:large, max-video-preview:-1\" \/>\n<link rel=\"canonical\" href=\"https:\/\/kaos-shop.eu\/cenik-dostave\/\" \/>\n<meta property=\"og:locale\" content=\"hr_HR\" \/>\n<meta property=\"og:type\" content=\"article\" \/>\n<meta property=\"og:title\" content=\"Cjenik dostave - Kaos Trgovina\" \/>\n<meta property=\"og:description\" content=\"[vc_row css=&#8221;.vc_custom_1582110979356{margin-top: 100px !important;padding-right: 10% !important;padding-left: 10% !important;}&#8221;][vc_column][vc_column_text]Sve cijene uklju\u010duju PDV (22%)! Zadr\u017eavamo pravo na promjene cijena, ukoliko ih promijeni dostavna slu\u017eba GLS. Cjenik vrijedi od 05.08.2025 Od 1.4.2019. Petrol je u svojim poslovnicama po\u010deo dodatno napla\u0107ivati uslugu uru\u010denja paketa kupcu (0,45\u20ac) i uslugu obrade otkupnine (1,05\u20ac) i primateljima GLS paketa. Ukoliko za preusmjeravanje paketa [&hellip;]\" \/>\n<meta property=\"og:url\" content=\"https:\/\/kaos-shop.eu\/cenik-dostave\/\" \/>\n<meta property=\"og:site_name\" content=\"Kaos Trgovina\" \/>\n<meta property=\"article:modified_time\" content=\"2025-08-05T07:49:11+00:00\" \/>\n<meta property=\"og:image\" content=\"https:\/\/kaos-shop.eu\/wp-content\/uploads\/2020\/02\/SI-1.png\" \/>\n\t<meta property=\"og:image:width\" content=\"48\" \/>\n\t<meta property=\"og:image:height\" content=\"48\" \/>\n\t<meta property=\"og:image:type\" content=\"image\/png\" \/>\n<meta name=\"twitter:card\" content=\"summary_large_image\" \/>\n<meta name=\"twitter:label1\" content=\"Procijenjeno vrijeme \u010ditanja\" \/>\n\t<meta name=\"twitter:data1\" content=\"2 minute\" \/>\n<script type=\"application\/ld+json\" class=\"yoast-schema-graph\">{\"@context\":\"https:\/\/schema.org\",\"@graph\":[{\"@type\":\"WebPage\",\"@id\":\"https:\/\/kaos-shop.eu\/cenik-dostave\/\",\"url\":\"https:\/\/kaos-shop.eu\/cenik-dostave\/\",\"name\":\"Cjenik dostave - Kaos Trgovina\",\"isPartOf\":{\"@id\":\"https:\/\/kaos-shop.eu\/#website\"},\"primaryImageOfPage\":{\"@id\":\"https:\/\/kaos-shop.eu\/cenik-dostave\/#primaryimage\"},\"image\":{\"@id\":\"https:\/\/kaos-shop.eu\/cenik-dostave\/#primaryimage\"},\"thumbnailUrl\":\"https:\/\/kaos-shop.eu\/wp-content\/uploads\/2020\/02\/SI-1.png\",\"datePublished\":\"2020-05-30T11:19:01+00:00\",\"dateModified\":\"2025-08-05T07:49:11+00:00\",\"breadcrumb\":{\"@id\":\"https:\/\/kaos-shop.eu\/cenik-dostave\/#breadcrumb\"},\"inLanguage\":\"hr\",\"potentialAction\":[{\"@type\":\"ReadAction\",\"target\":[\"https:\/\/kaos-shop.eu\/cenik-dostave\/\"]}]},{\"@type\":\"ImageObject\",\"inLanguage\":\"hr\",\"@id\":\"https:\/\/kaos-shop.eu\/cenik-dostave\/#primaryimage\",\"url\":\"https:\/\/kaos-shop.eu\/wp-content\/uploads\/2020\/02\/SI-1.png\",\"contentUrl\":\"https:\/\/kaos-shop.eu\/wp-content\/uploads\/2020\/02\/SI-1.png\"},{\"@type\":\"BreadcrumbList\",\"@id\":\"https:\/\/kaos-shop.eu\/cenik-dostave\/#breadcrumb\",\"itemListElement\":[{\"@type\":\"ListItem\",\"position\":1,\"name\":\"Home\",\"item\":\"https:\/\/kaos-shop.eu\/hr\/\"},{\"@type\":\"ListItem\",\"position\":2,\"name\":\"Cjenik dostave\"}]},{\"@type\":\"WebSite\",\"@id\":\"https:\/\/kaos-shop.eu\/#website\",\"url\":\"https:\/\/kaos-shop.eu\/\",\"name\":\"Kaos Trgovina\",\"description\":\"Modna obla\u010dila - Modna obutev - Modni dodatki\",\"potentialAction\":[{\"@type\":\"SearchAction\",\"target\":{\"@type\":\"EntryPoint\",\"urlTemplate\":\"https:\/\/kaos-shop.eu\/?s={search_term_string}\"},\"query-input\":{\"@type\":\"PropertyValueSpecification\",\"valueRequired\":true,\"valueName\":\"search_term_string\"}}],\"inLanguage\":\"hr\"}]}<\/script>\n<!-- \/ Yoast SEO plugin. -->","yoast_head_json":{"title":"Cjenik dostave - Kaos Trgovina","robots":{"index":"index","follow":"follow","max-snippet":"max-snippet:-1","max-image-preview":"max-image-preview:large","max-video-preview":"max-video-preview:-1"},"canonical":"https:\/\/kaos-shop.eu\/cenik-dostave\/","og_locale":"hr_HR","og_type":"article","og_title":"Cjenik dostave - Kaos Trgovina","og_description":"[vc_row css=&#8221;.vc_custom_1582110979356{margin-top: 100px !important;padding-right: 10% !important;padding-left: 10% !important;}&#8221;][vc_column][vc_column_text]Sve cijene uklju\u010duju PDV (22%)! Zadr\u017eavamo pravo na promjene cijena, ukoliko ih promijeni dostavna slu\u017eba GLS. Cjenik vrijedi od 05.08.2025 Od 1.4.2019. Petrol je u svojim poslovnicama po\u010deo dodatno napla\u0107ivati uslugu uru\u010denja paketa kupcu (0,45\u20ac) i uslugu obrade otkupnine (1,05\u20ac) i primateljima GLS paketa. Ukoliko za preusmjeravanje paketa [&hellip;]","og_url":"https:\/\/kaos-shop.eu\/cenik-dostave\/","og_site_name":"Kaos Trgovina","article_modified_time":"2025-08-05T07:49:11+00:00","og_image":[{"width":48,"height":48,"url":"https:\/\/kaos-shop.eu\/wp-content\/uploads\/2020\/02\/SI-1.png","type":"image\/png"}],"twitter_card":"summary_large_image","twitter_misc":{"Procijenjeno vrijeme \u010ditanja":"2 minute"},"schema":{"@context":"https:\/\/schema.org","@graph":[{"@type":"WebPage","@id":"https:\/\/kaos-shop.eu\/cenik-dostave\/","url":"https:\/\/kaos-shop.eu\/cenik-dostave\/","name":"Cjenik dostave - Kaos Trgovina","isPartOf":{"@id":"https:\/\/kaos-shop.eu\/#website"},"primaryImageOfPage":{"@id":"https:\/\/kaos-shop.eu\/cenik-dostave\/#primaryimage"},"image":{"@id":"https:\/\/kaos-shop.eu\/cenik-dostave\/#primaryimage"},"thumbnailUrl":"https:\/\/kaos-shop.eu\/wp-content\/uploads\/2020\/02\/SI-1.png","datePublished":"2020-05-30T11:19:01+00:00","dateModified":"2025-08-05T07:49:11+00:00","breadcrumb":{"@id":"https:\/\/kaos-shop.eu\/cenik-dostave\/#breadcrumb"},"inLanguage":"hr","potentialAction":[{"@type":"ReadAction","target":["https:\/\/kaos-shop.eu\/cenik-dostave\/"]}]},{"@type":"ImageObject","inLanguage":"hr","@id":"https:\/\/kaos-shop.eu\/cenik-dostave\/#primaryimage","url":"https:\/\/kaos-shop.eu\/wp-content\/uploads\/2020\/02\/SI-1.png","contentUrl":"https:\/\/kaos-shop.eu\/wp-content\/uploads\/2020\/02\/SI-1.png"},{"@type":"BreadcrumbList","@id":"https:\/\/kaos-shop.eu\/cenik-dostave\/#breadcrumb","itemListElement":[{"@type":"ListItem","position":1,"name":"Home","item":"https:\/\/kaos-shop.eu\/hr\/"},{"@type":"ListItem","position":2,"name":"Cjenik dostave"}]},{"@type":"WebSite","@id":"https:\/\/kaos-shop.eu\/#website","url":"https:\/\/kaos-shop.eu\/","name":"Kaos Trgovina","description":"Modna obla\u010dila - Modna obutev - Modni dodatki","potentialAction":[{"@type":"SearchAction","target":{"@type":"EntryPoint","urlTemplate":"https:\/\/kaos-shop.eu\/?s={search_term_string}"},"query-input":{"@type":"PropertyValueSpecification","valueRequired":true,"valueName":"search_term_string"}}],"inLanguage":"hr"}]}},"_links":{"self":[{"href":"https:\/\/kaos-shop.eu\/hr\/wp-json\/wp\/v2\/pages\/18345","targetHints":{"allow":["GET"]}}],"collection":[{"href":"https:\/\/kaos-shop.eu\/hr\/wp-json\/wp\/v2\/pages"}],"about":[{"href":"https:\/\/kaos-shop.eu\/hr\/wp-json\/wp\/v2\/types\/page"}],"author":[{"embeddable":true,"href":"https:\/\/kaos-shop.eu\/hr\/wp-json\/wp\/v2\/users\/2"}],"replies":[{"embeddable":true,"href":"https:\/\/kaos-shop.eu\/hr\/wp-json\/wp\/v2\/comments?post=18345"}],"version-history":[{"count":5,"href":"https:\/\/kaos-shop.eu\/hr\/wp-json\/wp\/v2\/pages\/18345\/revisions"}],"predecessor-version":[{"id":52579,"href":"https:\/\/kaos-shop.eu\/hr\/wp-json\/wp\/v2\/pages\/18345\/revisions\/52579"}],"wp:attachment":[{"href":"https:\/\/kaos-shop.eu\/hr\/wp-json\/wp\/v2\/media?parent=18345"}],"curies":[{"name":"wp","href":"https:\/\/api.w.org\/{rel}","templated":true}]}}