{"id":18371,"date":"2020-05-30T11:52:45","date_gmt":"2020-05-30T11:52:45","guid":{"rendered":"https:\/\/kaos-shop.eu\/nacini-placanja\/"},"modified":"2020-05-30T11:52:46","modified_gmt":"2020-05-30T11:52:46","slug":"nacini-placanja","status":"publish","type":"page","link":"https:\/\/kaos-shop.eu\/hr\/nacini-placanja\/","title":{"rendered":"Na\u010dini pla\u0107anja"},"content":{"rendered":"<div class=\"wpb-content-wrapper\"><p>[vc_row css=&#8221;.vc_custom_1582112721551{margin-top: 100px !important;margin-right: 10% !important;margin-left: 10% !important;padding-top: 20px !important;padding-right: 60px !important;padding-bottom: 20px !important;padding-left: 60px !important;background-color: #f4f4f4 !important;}&#8221;][vc_column][vc_icon icon_fontawesome=&#8221;fa fa-building-o&#8221; color=&#8221;white&#8221; background_style=&#8221;boxed&#8221; background_color=&#8221;custom&#8221; size=&#8221;xl&#8221; align=&#8221;center&#8221; css_animation=&#8221;rotateIn&#8221; custom_background_color=&#8221;#f07a87&#8243;][vc_column_text]<\/p>\n<h3 style=\"text-align: center;\">Ban\u010dna transakcija<\/h3>\n<p>&nbsp;[\/vc_column_text][vc_column_text]<\/p>\n<p style=\"text-align: center;\">Izbrane artikle lahko pla\u010date z ban\u010dno transakcijo. Znesek vpla\u010dajte na na\u0161 ban\u010dni ra\u010dun. Kot referenco vnesite ID naro\u010dila. Naro\u010dilo ne bo odposlano dokler ne prejmemo pla\u010dila na na\u0161 ban\u010dni ra\u010dun.<\/p>\n<p>&nbsp;[\/vc_column_text][vc_column_text]<\/p>\n<p style=\"text-align: center;\"><strong>TRR pri SKB<\/strong>: SI56\u00a00313 5100 0510 220(BIC banke: SKBASI2X)<\/p>\n<p>&nbsp;[\/vc_column_text][\/vc_column][\/vc_row][vc_row css=&#8221;.vc_custom_1582112721551{margin-top: 100px !important;margin-right: 10% !important;margin-left: 10% !important;padding-top: 20px !important;padding-right: 60px !important;padding-bottom: 20px !important;padding-left: 60px !important;background-color: #f4f4f4 !important;}&#8221;][vc_column][vc_icon icon_fontawesome=&#8221;fa fa-user-o&#8221; color=&#8221;white&#8221; background_style=&#8221;boxed&#8221; background_color=&#8221;custom&#8221; size=&#8221;xl&#8221; align=&#8221;center&#8221; css_animation=&#8221;rotateIn&#8221; custom_background_color=&#8221;#f07a87&#8243;][vc_column_text]<\/p>\n<h3 style=\"text-align: center;\">Pla\u010dilo po povzetju<\/h3>\n<p>&nbsp;[\/vc_column_text][vc_column_text]<\/p>\n<p style=\"text-align: center;\">Kupljene artikle lahko poravnate &#8221;po povzetju&#8221; kar dejansko pomeni, da pla\u010date kupnino dostavni slu\u017ebi v momentu, ko prejmete kupljene artikle. Dostavljalcu lahko pla\u010date z gotovino in s pla\u010dilnimi karticami.<\/p>\n<p>&nbsp;[\/vc_column_text][vc_column_text]<\/p>\n<p style=\"text-align: center;\"><strong>Ne zara\u010dunavamo dodatnih stro\u0161kov za pla\u010dilo po povzetju (Velja samo za dostavo v Sloveniji)<\/strong><\/p>\n<p>&nbsp;[\/vc_column_text][\/vc_column][\/vc_row][vc_row css=&#8221;.vc_custom_1582112721551{margin-top: 100px !important;margin-right: 10% !important;margin-left: 10% !important;padding-top: 20px !important;padding-right: 60px !important;padding-bottom: 20px !important;padding-left: 60px !important;background-color: #f4f4f4 !important;}&#8221;][vc_column][vc_icon icon_fontawesome=&#8221;fa fa-credit-card&#8221; color=&#8221;white&#8221; background_style=&#8221;boxed&#8221; background_color=&#8221;custom&#8221; size=&#8221;xl&#8221; align=&#8221;center&#8221; css_animation=&#8221;rotateIn&#8221; custom_background_color=&#8221;#f07a87&#8243;][vc_column_text]<\/p>\n<h3 style=\"text-align: center;\">Pla\u010dilo s kreditno kartico ali paypal-om<\/h3>\n<p>&nbsp;[\/vc_column_text][vc_column_text]<\/p>\n<p style=\"text-align: center;\">Sprejemamo pla\u010dilo z ve\u010dino kreditnih in debetnih kartic ter s paypalom. Za izvedbo samega pla\u010dila ne uporabljamo lastnega procesiranja temve\u010d paypal modul, ki bo izdatno poskrbel za varnost va\u0161ih podatkov ter prepre\u010dil zlorabo vsakega tipa!<\/p>\n<p>&nbsp;[\/vc_column_text][vc_column_text]<\/p>\n<p style=\"text-align: center;\">Vse povezave na spletni strani kaos-shop.eu so varne &#8211; https:\/\/. Za \u0161ifriranje podatkov (<span class=\"st\">256 bit<\/span>) skrbi certifikat COMODO SSL.<\/p>\n<p>&nbsp;[\/vc_column_text][\/vc_column][\/vc_row]<\/p>\n<\/div>","protected":false},"excerpt":{"rendered":"<p>[vc_row css=&#8221;.vc_custom_1582112721551{margin-top: 100px !important;margin-right: 10% !important;margin-left: 10% !important;padding-top: 20px !important;padding-right: 60px !important;padding-bottom: 20px !important;padding-left: 60px !important;background-color: #f4f4f4 !important;}&#8221;][vc_column][vc_icon icon_fontawesome=&#8221;fa fa-building-o&#8221; color=&#8221;white&#8221; background_style=&#8221;boxed&#8221; background_color=&#8221;custom&#8221; size=&#8221;xl&#8221; align=&#8221;center&#8221; css_animation=&#8221;rotateIn&#8221; custom_background_color=&#8221;#f07a87&#8243;][vc_column_text] Ban\u010dna transakcija &nbsp;[\/vc_column_text][vc_column_text] Izbrane artikle lahko pla\u010date z ban\u010dno transakcijo. Znesek vpla\u010dajte na na\u0161 ban\u010dni ra\u010dun. Kot referenco vnesite ID naro\u010dila. Naro\u010dilo ne bo odposlano dokler ne prejmemo [&hellip;]<\/p>\n","protected":false},"author":2,"featured_media":0,"parent":0,"menu_order":0,"comment_status":"closed","ping_status":"closed","template":"","meta":{"_acf_changed":false,"footnotes":""},"class_list":["post-18371","page","type-page","status-publish","hentry"],"acf":[],"yoast_head":"<!-- This site is optimized with the Yoast SEO plugin v26.2 - https:\/\/yoast.com\/wordpress\/plugins\/seo\/ -->\n<title>Na\u010dini pla\u0107anja - Kaos Trgovina<\/title>\n<meta name=\"robots\" content=\"index, follow, max-snippet:-1, max-image-preview:large, max-video-preview:-1\" \/>\n<link rel=\"canonical\" href=\"https:\/\/kaos-shop.eu\/hr\/nacini-placanja\/\" \/>\n<meta property=\"og:locale\" content=\"hr_HR\" \/>\n<meta property=\"og:type\" content=\"article\" \/>\n<meta property=\"og:title\" content=\"Na\u010dini pla\u0107anja - Kaos Trgovina\" \/>\n<meta property=\"og:description\" content=\"[vc_row css=&#8221;.vc_custom_1582112721551{margin-top: 100px !important;margin-right: 10% !important;margin-left: 10% !important;padding-top: 20px !important;padding-right: 60px !important;padding-bottom: 20px !important;padding-left: 60px !important;background-color: #f4f4f4 !important;}&#8221;][vc_column][vc_icon icon_fontawesome=&#8221;fa fa-building-o&#8221; color=&#8221;white&#8221; background_style=&#8221;boxed&#8221; background_color=&#8221;custom&#8221; size=&#8221;xl&#8221; align=&#8221;center&#8221; css_animation=&#8221;rotateIn&#8221; custom_background_color=&#8221;#f07a87&#8243;][vc_column_text] Ban\u010dna transakcija &nbsp;[\/vc_column_text][vc_column_text] Izbrane artikle lahko pla\u010date z ban\u010dno transakcijo. Znesek vpla\u010dajte na na\u0161 ban\u010dni ra\u010dun. Kot referenco vnesite ID naro\u010dila. Naro\u010dilo ne bo odposlano dokler ne prejmemo [&hellip;]\" \/>\n<meta property=\"og:url\" content=\"https:\/\/kaos-shop.eu\/hr\/nacini-placanja\/\" \/>\n<meta property=\"og:site_name\" content=\"Kaos Trgovina\" \/>\n<meta property=\"article:modified_time\" content=\"2020-05-30T11:52:46+00:00\" \/>\n<meta name=\"twitter:card\" content=\"summary_large_image\" \/>\n<meta name=\"twitter:label1\" content=\"Procijenjeno vrijeme \u010ditanja\" \/>\n\t<meta name=\"twitter:data1\" content=\"2 minute\" \/>\n<script type=\"application\/ld+json\" class=\"yoast-schema-graph\">{\"@context\":\"https:\/\/schema.org\",\"@graph\":[{\"@type\":\"WebPage\",\"@id\":\"https:\/\/kaos-shop.eu\/hr\/nacini-placanja\/\",\"url\":\"https:\/\/kaos-shop.eu\/hr\/nacini-placanja\/\",\"name\":\"Na\u010dini pla\u0107anja - Kaos Trgovina\",\"isPartOf\":{\"@id\":\"https:\/\/kaos-shop.eu\/#website\"},\"datePublished\":\"2020-05-30T11:52:45+00:00\",\"dateModified\":\"2020-05-30T11:52:46+00:00\",\"breadcrumb\":{\"@id\":\"https:\/\/kaos-shop.eu\/hr\/nacini-placanja\/#breadcrumb\"},\"inLanguage\":\"hr\",\"potentialAction\":[{\"@type\":\"ReadAction\",\"target\":[\"https:\/\/kaos-shop.eu\/hr\/nacini-placanja\/\"]}]},{\"@type\":\"BreadcrumbList\",\"@id\":\"https:\/\/kaos-shop.eu\/hr\/nacini-placanja\/#breadcrumb\",\"itemListElement\":[{\"@type\":\"ListItem\",\"position\":1,\"name\":\"Home\",\"item\":\"https:\/\/kaos-shop.eu\/hr\/\"},{\"@type\":\"ListItem\",\"position\":2,\"name\":\"Na\u010dini pla\u0107anja\"}]},{\"@type\":\"WebSite\",\"@id\":\"https:\/\/kaos-shop.eu\/#website\",\"url\":\"https:\/\/kaos-shop.eu\/\",\"name\":\"Kaos Trgovina\",\"description\":\"Modna obla\u010dila - Modna obutev - Modni dodatki\",\"potentialAction\":[{\"@type\":\"SearchAction\",\"target\":{\"@type\":\"EntryPoint\",\"urlTemplate\":\"https:\/\/kaos-shop.eu\/?s={search_term_string}\"},\"query-input\":{\"@type\":\"PropertyValueSpecification\",\"valueRequired\":true,\"valueName\":\"search_term_string\"}}],\"inLanguage\":\"hr\"}]}<\/script>\n<!-- \/ Yoast SEO plugin. -->","yoast_head_json":{"title":"Na\u010dini pla\u0107anja - Kaos Trgovina","robots":{"index":"index","follow":"follow","max-snippet":"max-snippet:-1","max-image-preview":"max-image-preview:large","max-video-preview":"max-video-preview:-1"},"canonical":"https:\/\/kaos-shop.eu\/hr\/nacini-placanja\/","og_locale":"hr_HR","og_type":"article","og_title":"Na\u010dini pla\u0107anja - Kaos Trgovina","og_description":"[vc_row css=&#8221;.vc_custom_1582112721551{margin-top: 100px !important;margin-right: 10% !important;margin-left: 10% !important;padding-top: 20px !important;padding-right: 60px !important;padding-bottom: 20px !important;padding-left: 60px !important;background-color: #f4f4f4 !important;}&#8221;][vc_column][vc_icon icon_fontawesome=&#8221;fa fa-building-o&#8221; color=&#8221;white&#8221; background_style=&#8221;boxed&#8221; background_color=&#8221;custom&#8221; size=&#8221;xl&#8221; align=&#8221;center&#8221; css_animation=&#8221;rotateIn&#8221; custom_background_color=&#8221;#f07a87&#8243;][vc_column_text] Ban\u010dna transakcija &nbsp;[\/vc_column_text][vc_column_text] Izbrane artikle lahko pla\u010date z ban\u010dno transakcijo. Znesek vpla\u010dajte na na\u0161 ban\u010dni ra\u010dun. Kot referenco vnesite ID naro\u010dila. Naro\u010dilo ne bo odposlano dokler ne prejmemo [&hellip;]","og_url":"https:\/\/kaos-shop.eu\/hr\/nacini-placanja\/","og_site_name":"Kaos Trgovina","article_modified_time":"2020-05-30T11:52:46+00:00","twitter_card":"summary_large_image","twitter_misc":{"Procijenjeno vrijeme \u010ditanja":"2 minute"},"schema":{"@context":"https:\/\/schema.org","@graph":[{"@type":"WebPage","@id":"https:\/\/kaos-shop.eu\/hr\/nacini-placanja\/","url":"https:\/\/kaos-shop.eu\/hr\/nacini-placanja\/","name":"Na\u010dini pla\u0107anja - Kaos Trgovina","isPartOf":{"@id":"https:\/\/kaos-shop.eu\/#website"},"datePublished":"2020-05-30T11:52:45+00:00","dateModified":"2020-05-30T11:52:46+00:00","breadcrumb":{"@id":"https:\/\/kaos-shop.eu\/hr\/nacini-placanja\/#breadcrumb"},"inLanguage":"hr","potentialAction":[{"@type":"ReadAction","target":["https:\/\/kaos-shop.eu\/hr\/nacini-placanja\/"]}]},{"@type":"BreadcrumbList","@id":"https:\/\/kaos-shop.eu\/hr\/nacini-placanja\/#breadcrumb","itemListElement":[{"@type":"ListItem","position":1,"name":"Home","item":"https:\/\/kaos-shop.eu\/hr\/"},{"@type":"ListItem","position":2,"name":"Na\u010dini pla\u0107anja"}]},{"@type":"WebSite","@id":"https:\/\/kaos-shop.eu\/#website","url":"https:\/\/kaos-shop.eu\/","name":"Kaos Trgovina","description":"Modna obla\u010dila - Modna obutev - Modni dodatki","potentialAction":[{"@type":"SearchAction","target":{"@type":"EntryPoint","urlTemplate":"https:\/\/kaos-shop.eu\/?s={search_term_string}"},"query-input":{"@type":"PropertyValueSpecification","valueRequired":true,"valueName":"search_term_string"}}],"inLanguage":"hr"}]}},"_links":{"self":[{"href":"https:\/\/kaos-shop.eu\/hr\/wp-json\/wp\/v2\/pages\/18371","targetHints":{"allow":["GET"]}}],"collection":[{"href":"https:\/\/kaos-shop.eu\/hr\/wp-json\/wp\/v2\/pages"}],"about":[{"href":"https:\/\/kaos-shop.eu\/hr\/wp-json\/wp\/v2\/types\/page"}],"author":[{"embeddable":true,"href":"https:\/\/kaos-shop.eu\/hr\/wp-json\/wp\/v2\/users\/2"}],"replies":[{"embeddable":true,"href":"https:\/\/kaos-shop.eu\/hr\/wp-json\/wp\/v2\/comments?post=18371"}],"version-history":[{"count":0,"href":"https:\/\/kaos-shop.eu\/hr\/wp-json\/wp\/v2\/pages\/18371\/revisions"}],"wp:attachment":[{"href":"https:\/\/kaos-shop.eu\/hr\/wp-json\/wp\/v2\/media?parent=18371"}],"curies":[{"name":"wp","href":"https:\/\/api.w.org\/{rel}","templated":true}]}}