{"id":30851,"date":"2021-09-06T11:31:26","date_gmt":"2021-09-06T11:31:26","guid":{"rendered":"https:\/\/kaos-shop.eu\/izdelek\/estella-tenisice-crna\/"},"modified":"2021-10-01T15:33:36","modified_gmt":"2021-10-01T15:33:36","slug":"estella-tenisice-crna","status":"publish","type":"product","link":"https:\/\/kaos-shop.eu\/hr\/izdelek\/estella-tenisice-crna\/","title":{"rendered":"ESTELLA tenisice- crna"},"content":{"rendered":"<p>Estella tenisice su iznutra toplo podlo\u017eene i imaju neklizaju\u0107i potplat (guma). Brojevi su za nijansu manji, ako imate medju broj &#8211; savetujemo vam da uzmete ve\u0107i broj.<\/p>\n<p><em>Sastav:<\/em><br \/>\nGornji deo: tekstil &amp; drugi materijali<\/p>\n<p>Podloga in ulo\u017eak: tekstil<\/p>\n<p>Potplat: drugi materiali<\/p>\n","protected":false},"excerpt":{"rendered":"<p>Estella tenisice su iznutra toplo podlo\u017eene i imaju neklizaju\u0107i potplat (guma). Brojevi su za nijansu manji, ako imate medju broj &#8211; savetujemo vam da uzmete ve\u0107i broj. Sastav: Gornji deo: tekstil &amp; drugi materijali Podloga in ulo\u017eak: tekstil Potplat: drugi materiali<\/p>\n","protected":false},"featured_media":30085,"template":"","meta":{"_acf_changed":false},"product_brand":[],"product_cat":[262,141],"product_tag":[],"class_list":{"0":"post-30851","1":"product","2":"type-product","3":"status-publish","4":"has-post-thumbnail","6":"product_cat-tenisice","7":"product_cat-obuca","8":"pa_velikost-36-hr","9":"pa_velikost-37-hr","10":"pa_velikost-38-hr","11":"pa_velikost-39-hr-2","12":"pa_velikost-40-hr","13":"pa_velikost-41-hr","15":"first","16":"instock","17":"sale","18":"taxable","19":"shipping-taxable","20":"purchasable","21":"product-type-variable"},"acf":[],"yoast_head":"<!-- This site is optimized with the Yoast SEO plugin v26.2 - https:\/\/yoast.com\/wordpress\/plugins\/seo\/ -->\n<title>ESTELLA tenisice- crna - Kaos Trgovina<\/title>\n<meta name=\"robots\" content=\"index, follow, max-snippet:-1, max-image-preview:large, max-video-preview:-1\" \/>\n<link rel=\"canonical\" href=\"https:\/\/kaos-shop.eu\/hr\/izdelek\/estella-tenisice-crna\/\" \/>\n<meta property=\"og:locale\" content=\"hr_HR\" \/>\n<meta property=\"og:type\" content=\"article\" \/>\n<meta property=\"og:title\" content=\"ESTELLA tenisice- crna - Kaos Trgovina\" \/>\n<meta property=\"og:description\" content=\"Estella tenisice su iznutra toplo podlo\u017eene i imaju neklizaju\u0107i potplat (guma). Brojevi su za nijansu manji, ako imate medju broj &#8211; savetujemo vam da uzmete ve\u0107i broj. Sastav: Gornji deo: tekstil &amp; drugi materijali Podloga in ulo\u017eak: tekstil Potplat: drugi materiali\" \/>\n<meta property=\"og:url\" content=\"https:\/\/kaos-shop.eu\/hr\/izdelek\/estella-tenisice-crna\/\" \/>\n<meta property=\"og:site_name\" content=\"Kaos Trgovina\" \/>\n<meta property=\"article:modified_time\" content=\"2021-10-01T15:33:36+00:00\" \/>\n<meta property=\"og:image\" content=\"https:\/\/kaos-shop.eu\/wp-content\/uploads\/2021\/09\/KAOS023.png\" \/>\n\t<meta property=\"og:image:width\" content=\"700\" \/>\n\t<meta property=\"og:image:height\" content=\"933\" \/>\n\t<meta property=\"og:image:type\" content=\"image\/png\" \/>\n<meta name=\"twitter:card\" content=\"summary_large_image\" \/>\n<script type=\"application\/ld+json\" class=\"yoast-schema-graph\">{\"@context\":\"https:\/\/schema.org\",\"@graph\":[{\"@type\":\"WebPage\",\"@id\":\"https:\/\/kaos-shop.eu\/hr\/izdelek\/estella-tenisice-crna\/\",\"url\":\"https:\/\/kaos-shop.eu\/hr\/izdelek\/estella-tenisice-crna\/\",\"name\":\"ESTELLA tenisice- crna - Kaos Trgovina\",\"isPartOf\":{\"@id\":\"https:\/\/kaos-shop.eu\/#website\"},\"primaryImageOfPage\":{\"@id\":\"https:\/\/kaos-shop.eu\/hr\/izdelek\/estella-tenisice-crna\/#primaryimage\"},\"image\":{\"@id\":\"https:\/\/kaos-shop.eu\/hr\/izdelek\/estella-tenisice-crna\/#primaryimage\"},\"thumbnailUrl\":\"https:\/\/kaos-shop.eu\/wp-content\/uploads\/2021\/09\/KAOS023.png\",\"datePublished\":\"2021-09-06T11:31:26+00:00\",\"dateModified\":\"2021-10-01T15:33:36+00:00\",\"breadcrumb\":{\"@id\":\"https:\/\/kaos-shop.eu\/hr\/izdelek\/estella-tenisice-crna\/#breadcrumb\"},\"inLanguage\":\"hr\",\"potentialAction\":[{\"@type\":\"ReadAction\",\"target\":[\"https:\/\/kaos-shop.eu\/hr\/izdelek\/estella-tenisice-crna\/\"]}]},{\"@type\":\"ImageObject\",\"inLanguage\":\"hr\",\"@id\":\"https:\/\/kaos-shop.eu\/hr\/izdelek\/estella-tenisice-crna\/#primaryimage\",\"url\":\"https:\/\/kaos-shop.eu\/wp-content\/uploads\/2021\/09\/KAOS023.png\",\"contentUrl\":\"https:\/\/kaos-shop.eu\/wp-content\/uploads\/2021\/09\/KAOS023.png\",\"width\":700,\"height\":933},{\"@type\":\"BreadcrumbList\",\"@id\":\"https:\/\/kaos-shop.eu\/hr\/izdelek\/estella-tenisice-crna\/#breadcrumb\",\"itemListElement\":[{\"@type\":\"ListItem\",\"position\":1,\"name\":\"Home\",\"item\":\"https:\/\/kaos-shop.eu\/hr\/\"},{\"@type\":\"ListItem\",\"position\":2,\"name\":\"Trgovina\",\"item\":\"https:\/\/kaos-shop.eu\/hr\/?page_id=7048\"},{\"@type\":\"ListItem\",\"position\":3,\"name\":\"ESTELLA tenisice- crna\"}]},{\"@type\":\"WebSite\",\"@id\":\"https:\/\/kaos-shop.eu\/#website\",\"url\":\"https:\/\/kaos-shop.eu\/\",\"name\":\"Kaos Trgovina\",\"description\":\"Modna obla\u010dila - Modna obutev - Modni dodatki\",\"potentialAction\":[{\"@type\":\"SearchAction\",\"target\":{\"@type\":\"EntryPoint\",\"urlTemplate\":\"https:\/\/kaos-shop.eu\/?s={search_term_string}\"},\"query-input\":{\"@type\":\"PropertyValueSpecification\",\"valueRequired\":true,\"valueName\":\"search_term_string\"}}],\"inLanguage\":\"hr\"}]}<\/script>\n<!-- \/ Yoast SEO plugin. -->","yoast_head_json":{"title":"ESTELLA tenisice- crna - Kaos Trgovina","robots":{"index":"index","follow":"follow","max-snippet":"max-snippet:-1","max-image-preview":"max-image-preview:large","max-video-preview":"max-video-preview:-1"},"canonical":"https:\/\/kaos-shop.eu\/hr\/izdelek\/estella-tenisice-crna\/","og_locale":"hr_HR","og_type":"article","og_title":"ESTELLA tenisice- crna - Kaos Trgovina","og_description":"Estella tenisice su iznutra toplo podlo\u017eene i imaju neklizaju\u0107i potplat (guma). Brojevi su za nijansu manji, ako imate medju broj &#8211; savetujemo vam da uzmete ve\u0107i broj. Sastav: Gornji deo: tekstil &amp; drugi materijali Podloga in ulo\u017eak: tekstil Potplat: drugi materiali","og_url":"https:\/\/kaos-shop.eu\/hr\/izdelek\/estella-tenisice-crna\/","og_site_name":"Kaos Trgovina","article_modified_time":"2021-10-01T15:33:36+00:00","og_image":[{"width":700,"height":933,"url":"https:\/\/kaos-shop.eu\/wp-content\/uploads\/2021\/09\/KAOS023.png","type":"image\/png"}],"twitter_card":"summary_large_image","schema":{"@context":"https:\/\/schema.org","@graph":[{"@type":"WebPage","@id":"https:\/\/kaos-shop.eu\/hr\/izdelek\/estella-tenisice-crna\/","url":"https:\/\/kaos-shop.eu\/hr\/izdelek\/estella-tenisice-crna\/","name":"ESTELLA tenisice- crna - Kaos Trgovina","isPartOf":{"@id":"https:\/\/kaos-shop.eu\/#website"},"primaryImageOfPage":{"@id":"https:\/\/kaos-shop.eu\/hr\/izdelek\/estella-tenisice-crna\/#primaryimage"},"image":{"@id":"https:\/\/kaos-shop.eu\/hr\/izdelek\/estella-tenisice-crna\/#primaryimage"},"thumbnailUrl":"https:\/\/kaos-shop.eu\/wp-content\/uploads\/2021\/09\/KAOS023.png","datePublished":"2021-09-06T11:31:26+00:00","dateModified":"2021-10-01T15:33:36+00:00","breadcrumb":{"@id":"https:\/\/kaos-shop.eu\/hr\/izdelek\/estella-tenisice-crna\/#breadcrumb"},"inLanguage":"hr","potentialAction":[{"@type":"ReadAction","target":["https:\/\/kaos-shop.eu\/hr\/izdelek\/estella-tenisice-crna\/"]}]},{"@type":"ImageObject","inLanguage":"hr","@id":"https:\/\/kaos-shop.eu\/hr\/izdelek\/estella-tenisice-crna\/#primaryimage","url":"https:\/\/kaos-shop.eu\/wp-content\/uploads\/2021\/09\/KAOS023.png","contentUrl":"https:\/\/kaos-shop.eu\/wp-content\/uploads\/2021\/09\/KAOS023.png","width":700,"height":933},{"@type":"BreadcrumbList","@id":"https:\/\/kaos-shop.eu\/hr\/izdelek\/estella-tenisice-crna\/#breadcrumb","itemListElement":[{"@type":"ListItem","position":1,"name":"Home","item":"https:\/\/kaos-shop.eu\/hr\/"},{"@type":"ListItem","position":2,"name":"Trgovina","item":"https:\/\/kaos-shop.eu\/hr\/?page_id=7048"},{"@type":"ListItem","position":3,"name":"ESTELLA tenisice- crna"}]},{"@type":"WebSite","@id":"https:\/\/kaos-shop.eu\/#website","url":"https:\/\/kaos-shop.eu\/","name":"Kaos Trgovina","description":"Modna obla\u010dila - Modna obutev - Modni dodatki","potentialAction":[{"@type":"SearchAction","target":{"@type":"EntryPoint","urlTemplate":"https:\/\/kaos-shop.eu\/?s={search_term_string}"},"query-input":{"@type":"PropertyValueSpecification","valueRequired":true,"valueName":"search_term_string"}}],"inLanguage":"hr"}]}},"_links":{"self":[{"href":"https:\/\/kaos-shop.eu\/hr\/wp-json\/wp\/v2\/product\/30851","targetHints":{"allow":["GET"]}}],"collection":[{"href":"https:\/\/kaos-shop.eu\/hr\/wp-json\/wp\/v2\/product"}],"about":[{"href":"https:\/\/kaos-shop.eu\/hr\/wp-json\/wp\/v2\/types\/product"}],"wp:featuredmedia":[{"embeddable":true,"href":"https:\/\/kaos-shop.eu\/hr\/wp-json\/wp\/v2\/media\/30085"}],"wp:attachment":[{"href":"https:\/\/kaos-shop.eu\/hr\/wp-json\/wp\/v2\/media?parent=30851"}],"wp:term":[{"taxonomy":"product_brand","embeddable":true,"href":"https:\/\/kaos-shop.eu\/hr\/wp-json\/wp\/v2\/product_brand?post=30851"},{"taxonomy":"product_cat","embeddable":true,"href":"https:\/\/kaos-shop.eu\/hr\/wp-json\/wp\/v2\/product_cat?post=30851"},{"taxonomy":"product_tag","embeddable":true,"href":"https:\/\/kaos-shop.eu\/hr\/wp-json\/wp\/v2\/product_tag?post=30851"}],"curies":[{"name":"wp","href":"https:\/\/api.w.org\/{rel}","templated":true}]}}