{"id":18368,"date":"2020-05-30T11:51:38","date_gmt":"2020-05-30T11:51:38","guid":{"rendered":"https:\/\/kaos-shop.eu\/contatto\/"},"modified":"2020-05-30T11:51:39","modified_gmt":"2020-05-30T11:51:39","slug":"contatto","status":"publish","type":"page","link":"https:\/\/kaos-shop.eu\/it\/contatto\/","title":{"rendered":"Contatto"},"content":{"rendered":"<div class=\"wpb-content-wrapper\"><p>[vc_row equal_height=&#8221;yes&#8221; css=&#8221;.vc_custom_1581452301316{margin-top: 80px !important;padding-right: 10% !important;padding-left: 10% !important;background-color: #f7f7f7 !important;}&#8221;][vc_column width=&#8221;1\/2&#8243;][vc_single_image image=&#8221;6986&#8243; img_size=&#8221;full&#8221; css_animation=&#8221;lightSpeedIn&#8221;][vc_column_text]<\/p>\n<h3>Sede\u017e podjetja:<\/h3>\n<p><strong>AMIZ d.o.o.<\/strong><br \/>\nPre\u0161ernova cesta 53<br \/>\n6310 Izola<br \/>\nSlovenija[\/vc_column_text][vc_separator][vc_column_text]<\/p>\n<ul>\n<li><strong>DDV ID \u0161tevilka<\/strong>: SI89413024<\/li>\n<li><strong>Zavezanec za DDV<\/strong>: DA<\/li>\n<li><strong>Mati\u010dna \u0161tevilka<\/strong>:\u00a03302725000<\/li>\n<li><strong>Registracija<\/strong> pri Okro\u017enem sodi\u0161\u010du v Kopru, opr. \u0160t. :2008\/13864<\/li>\n<\/ul>\n<p><strong>TRR pri SKB<\/strong>: SI56\u00a00313 5100 0510 220(BIC banke: SKBASI2X)[\/vc_column_text][vc_separator][vc_icon icon_fontawesome=&#8221;fa fa-user-circle&#8221; color=&#8221;juicy_pink&#8221; size=&#8221;xl&#8221;][vc_column_text]<\/p>\n<h4 style=\"text-align: left;\">Kontakt za informacije in pomo\u010d uporabnikom<\/h4>\n<p>&nbsp;[\/vc_column_text][vc_column_text]<\/p>\n<ul>\n<li>E-po\u0161ta:\u00a0<a href=\"mailto:info@mimovrste.com\" target=\"_blank\" rel=\"noreferrer noopener\">info@<\/a>kaos-shop.eu<\/li>\n<li><strong>Telefon: +386 (0)40 861 211\u00a0 (whatsapp,viber)<\/strong>,<strong>\u00a0 +386 (0)5 903 79 68<\/strong><\/li>\n<li>Prosimo, ne odgovarjajte na SMS sporo\u010dila o odpremi oz. o pripravi naro\u010dila za osebni prevzem, kajti va\u0161ih odgovorov ne bomo prejeli. SMS sporo\u010dila so namenjena izklju\u010dno obve\u0161\u010danju kupcev. Za uporabni\u0161ki nasvet smo dosegljivi na elektronski po\u0161ti in telefonu.<\/li>\n<\/ul>\n<p>&nbsp;[\/vc_column_text][\/vc_column][vc_column parallax=&#8221;content-moving&#8221; width=&#8221;1\/2&#8243;][vc_column_text]<\/p>\n<h3>Pi\u0161ite nam<\/h3>\n<p>Imate vpra\u0161anje ali predlog? Uporabite prilo\u017eeni obrazec, pi\u0161ite nam!<\/p>\n<p>Obrazec shranjuje va\u0161e osebne podatke za namen identifikacije ter odgovora. Podatkov ne katalogiramo, ne posredujemo ali uporabljamo za ni\u010d drugega.[\/vc_column_text][vc_separator][vc_column_text]\n<div class=\"wpcf7 no-js\" id=\"wpcf7-f12728-o1\" lang=\"sl-SI\" dir=\"ltr\" data-wpcf7-id=\"12728\">\n<div class=\"screen-reader-response\"><p role=\"status\" aria-live=\"polite\" aria-atomic=\"true\"><\/p> <ul><\/ul><\/div>\n<form action=\"\/it\/wp-json\/wp\/v2\/pages\/18368#wpcf7-f12728-o1\" method=\"post\" class=\"wpcf7-form init\" aria-label=\"Contact form\" novalidate=\"novalidate\" data-status=\"init\">\n<fieldset class=\"hidden-fields-container\"><input type=\"hidden\" name=\"_wpcf7\" value=\"12728\" \/><input type=\"hidden\" name=\"_wpcf7_version\" value=\"6.1.2\" \/><input type=\"hidden\" name=\"_wpcf7_locale\" value=\"sl_SI\" \/><input type=\"hidden\" name=\"_wpcf7_unit_tag\" value=\"wpcf7-f12728-o1\" \/><input type=\"hidden\" name=\"_wpcf7_container_post\" value=\"0\" \/><input type=\"hidden\" name=\"_wpcf7_posted_data_hash\" value=\"\" \/>\n<\/fieldset>\n<p><label> Ime in priimek (obvezno)<br \/>\n<span class=\"wpcf7-form-control-wrap\" data-name=\"your-name\"><input size=\"40\" maxlength=\"400\" class=\"wpcf7-form-control wpcf7-text wpcf7-validates-as-required\" aria-required=\"true\" aria-invalid=\"false\" value=\"\" type=\"text\" name=\"your-name\" \/><\/span> <\/label>\n<\/p>\n<p><label> Va\u0161 Email naslov (obvezno)<br \/>\n<span class=\"wpcf7-form-control-wrap\" data-name=\"your-email\"><input size=\"40\" maxlength=\"400\" class=\"wpcf7-form-control wpcf7-email wpcf7-validates-as-required wpcf7-text wpcf7-validates-as-email\" aria-required=\"true\" aria-invalid=\"false\" value=\"\" type=\"email\" name=\"your-email\" \/><\/span> <\/label>\n<\/p>\n<p><label> Predmet<br \/>\n<span class=\"wpcf7-form-control-wrap\" data-name=\"your-subject\"><input size=\"40\" maxlength=\"400\" class=\"wpcf7-form-control wpcf7-text\" aria-invalid=\"false\" value=\"\" type=\"text\" name=\"your-subject\" \/><\/span> <\/label>\n<\/p>\n<p><label> Sporo\u010dilo<br \/>\n<span class=\"wpcf7-form-control-wrap\" data-name=\"your-message\"><textarea cols=\"40\" rows=\"10\" maxlength=\"2000\" class=\"wpcf7-form-control wpcf7-textarea\" aria-invalid=\"false\" name=\"your-message\"><\/textarea><\/span> <\/label>\n<\/p>\n<p><span class=\"wpcf7-form-control-wrap wpgdprc\"><span class=\"wpcf7-form-control wpcf7-wpgdprc wpcf7-validates-as-required\"><span class=\"wpcf7-list-item\"><input type=\"checkbox\" name=\"wpgdprc\" value=\"1\" aria-required=\"true\" aria-invalid=\"false\" \/><span class=\"wpcf7-list-item-label\">Z uporabo spletnega obrazca se strinjate z obdelavo va\u0161ih osebnih podatkov.<\/span><\/span><\/span>    <\/span>\n<\/p>\n<p><input class=\"wpcf7-form-control wpcf7-submit has-spinner\" type=\"submit\" value=\"Oddaj\" \/>\n<\/p><div class=\"wpcf7-response-output\" aria-hidden=\"true\"><\/div>\n<\/form>\n<\/div>\n[\/vc_column_text][\/vc_column][\/vc_row]<\/p>\n<\/div>","protected":false},"excerpt":{"rendered":"<p>[vc_row equal_height=&#8221;yes&#8221; css=&#8221;.vc_custom_1581452301316{margin-top: 80px !important;padding-right: 10% !important;padding-left: 10% !important;background-color: #f7f7f7 !important;}&#8221;][vc_column width=&#8221;1\/2&#8243;][vc_single_image image=&#8221;6986&#8243; img_size=&#8221;full&#8221; css_animation=&#8221;lightSpeedIn&#8221;][vc_column_text] Sede\u017e podjetja: AMIZ d.o.o. Pre\u0161ernova cesta 53 6310 Izola Slovenija[\/vc_column_text][vc_separator][vc_column_text] DDV ID \u0161tevilka: SI89413024 Zavezanec za DDV: DA Mati\u010dna \u0161tevilka:\u00a03302725000 Registracija pri Okro\u017enem sodi\u0161\u010du v Kopru, opr. \u0160t. :2008\/13864 TRR pri SKB: SI56\u00a00313 5100 0510 220(BIC banke: SKBASI2X)[\/vc_column_text][vc_separator][vc_icon icon_fontawesome=&#8221;fa fa-user-circle&#8221; [&hellip;]<\/p>\n","protected":false},"author":2,"featured_media":0,"parent":0,"menu_order":0,"comment_status":"closed","ping_status":"closed","template":"","meta":{"_acf_changed":false,"footnotes":""},"class_list":["post-18368","page","type-page","status-publish","hentry"],"acf":[],"yoast_head":"<!-- This site is optimized with the Yoast SEO plugin v26.2 - https:\/\/yoast.com\/wordpress\/plugins\/seo\/ -->\n<title>Contatto - Kaos Trgovina<\/title>\n<meta name=\"robots\" content=\"index, follow, max-snippet:-1, max-image-preview:large, max-video-preview:-1\" \/>\n<link rel=\"canonical\" href=\"https:\/\/kaos-shop.eu\/it\/contatto\/\" \/>\n<meta property=\"og:locale\" content=\"it_IT\" \/>\n<meta property=\"og:type\" content=\"article\" \/>\n<meta property=\"og:title\" content=\"Contatto - Kaos Trgovina\" \/>\n<meta property=\"og:description\" content=\"[vc_row equal_height=&#8221;yes&#8221; css=&#8221;.vc_custom_1581452301316{margin-top: 80px !important;padding-right: 10% !important;padding-left: 10% !important;background-color: #f7f7f7 !important;}&#8221;][vc_column width=&#8221;1\/2&#8243;][vc_single_image image=&#8221;6986&#8243; img_size=&#8221;full&#8221; css_animation=&#8221;lightSpeedIn&#8221;][vc_column_text] Sede\u017e podjetja: AMIZ d.o.o. Pre\u0161ernova cesta 53 6310 Izola Slovenija[\/vc_column_text][vc_separator][vc_column_text] DDV ID \u0161tevilka: SI89413024 Zavezanec za DDV: DA Mati\u010dna \u0161tevilka:\u00a03302725000 Registracija pri Okro\u017enem sodi\u0161\u010du v Kopru, opr. \u0160t. :2008\/13864 TRR pri SKB: SI56\u00a00313 5100 0510 220(BIC banke: SKBASI2X)[\/vc_column_text][vc_separator][vc_icon icon_fontawesome=&#8221;fa fa-user-circle&#8221; [&hellip;]\" \/>\n<meta property=\"og:url\" content=\"https:\/\/kaos-shop.eu\/it\/contatto\/\" \/>\n<meta property=\"og:site_name\" content=\"Kaos Trgovina\" \/>\n<meta property=\"article:modified_time\" content=\"2020-05-30T11:51:39+00:00\" \/>\n<meta name=\"twitter:card\" content=\"summary_large_image\" \/>\n<meta name=\"twitter:label1\" content=\"Tempo di lettura stimato\" \/>\n\t<meta name=\"twitter:data1\" content=\"1 minuto\" \/>\n<script type=\"application\/ld+json\" class=\"yoast-schema-graph\">{\"@context\":\"https:\/\/schema.org\",\"@graph\":[{\"@type\":\"WebPage\",\"@id\":\"https:\/\/kaos-shop.eu\/it\/contatto\/\",\"url\":\"https:\/\/kaos-shop.eu\/it\/contatto\/\",\"name\":\"Contatto - Kaos Trgovina\",\"isPartOf\":{\"@id\":\"https:\/\/kaos-shop.eu\/#website\"},\"datePublished\":\"2020-05-30T11:51:38+00:00\",\"dateModified\":\"2020-05-30T11:51:39+00:00\",\"breadcrumb\":{\"@id\":\"https:\/\/kaos-shop.eu\/it\/contatto\/#breadcrumb\"},\"inLanguage\":\"it-IT\",\"potentialAction\":[{\"@type\":\"ReadAction\",\"target\":[\"https:\/\/kaos-shop.eu\/it\/contatto\/\"]}]},{\"@type\":\"BreadcrumbList\",\"@id\":\"https:\/\/kaos-shop.eu\/it\/contatto\/#breadcrumb\",\"itemListElement\":[{\"@type\":\"ListItem\",\"position\":1,\"name\":\"Home\",\"item\":\"https:\/\/kaos-shop.eu\/it\/\"},{\"@type\":\"ListItem\",\"position\":2,\"name\":\"Contatto\"}]},{\"@type\":\"WebSite\",\"@id\":\"https:\/\/kaos-shop.eu\/#website\",\"url\":\"https:\/\/kaos-shop.eu\/\",\"name\":\"Kaos Trgovina\",\"description\":\"Modna obla\u010dila - Modna obutev - Modni dodatki\",\"potentialAction\":[{\"@type\":\"SearchAction\",\"target\":{\"@type\":\"EntryPoint\",\"urlTemplate\":\"https:\/\/kaos-shop.eu\/?s={search_term_string}\"},\"query-input\":{\"@type\":\"PropertyValueSpecification\",\"valueRequired\":true,\"valueName\":\"search_term_string\"}}],\"inLanguage\":\"it-IT\"}]}<\/script>\n<!-- \/ Yoast SEO plugin. -->","yoast_head_json":{"title":"Contatto - Kaos Trgovina","robots":{"index":"index","follow":"follow","max-snippet":"max-snippet:-1","max-image-preview":"max-image-preview:large","max-video-preview":"max-video-preview:-1"},"canonical":"https:\/\/kaos-shop.eu\/it\/contatto\/","og_locale":"it_IT","og_type":"article","og_title":"Contatto - Kaos Trgovina","og_description":"[vc_row equal_height=&#8221;yes&#8221; css=&#8221;.vc_custom_1581452301316{margin-top: 80px !important;padding-right: 10% !important;padding-left: 10% !important;background-color: #f7f7f7 !important;}&#8221;][vc_column width=&#8221;1\/2&#8243;][vc_single_image image=&#8221;6986&#8243; img_size=&#8221;full&#8221; css_animation=&#8221;lightSpeedIn&#8221;][vc_column_text] Sede\u017e podjetja: AMIZ d.o.o. Pre\u0161ernova cesta 53 6310 Izola Slovenija[\/vc_column_text][vc_separator][vc_column_text] DDV ID \u0161tevilka: SI89413024 Zavezanec za DDV: DA Mati\u010dna \u0161tevilka:\u00a03302725000 Registracija pri Okro\u017enem sodi\u0161\u010du v Kopru, opr. \u0160t. :2008\/13864 TRR pri SKB: SI56\u00a00313 5100 0510 220(BIC banke: SKBASI2X)[\/vc_column_text][vc_separator][vc_icon icon_fontawesome=&#8221;fa fa-user-circle&#8221; [&hellip;]","og_url":"https:\/\/kaos-shop.eu\/it\/contatto\/","og_site_name":"Kaos Trgovina","article_modified_time":"2020-05-30T11:51:39+00:00","twitter_card":"summary_large_image","twitter_misc":{"Tempo di lettura stimato":"1 minuto"},"schema":{"@context":"https:\/\/schema.org","@graph":[{"@type":"WebPage","@id":"https:\/\/kaos-shop.eu\/it\/contatto\/","url":"https:\/\/kaos-shop.eu\/it\/contatto\/","name":"Contatto - Kaos Trgovina","isPartOf":{"@id":"https:\/\/kaos-shop.eu\/#website"},"datePublished":"2020-05-30T11:51:38+00:00","dateModified":"2020-05-30T11:51:39+00:00","breadcrumb":{"@id":"https:\/\/kaos-shop.eu\/it\/contatto\/#breadcrumb"},"inLanguage":"it-IT","potentialAction":[{"@type":"ReadAction","target":["https:\/\/kaos-shop.eu\/it\/contatto\/"]}]},{"@type":"BreadcrumbList","@id":"https:\/\/kaos-shop.eu\/it\/contatto\/#breadcrumb","itemListElement":[{"@type":"ListItem","position":1,"name":"Home","item":"https:\/\/kaos-shop.eu\/it\/"},{"@type":"ListItem","position":2,"name":"Contatto"}]},{"@type":"WebSite","@id":"https:\/\/kaos-shop.eu\/#website","url":"https:\/\/kaos-shop.eu\/","name":"Kaos Trgovina","description":"Modna obla\u010dila - Modna obutev - Modni dodatki","potentialAction":[{"@type":"SearchAction","target":{"@type":"EntryPoint","urlTemplate":"https:\/\/kaos-shop.eu\/?s={search_term_string}"},"query-input":{"@type":"PropertyValueSpecification","valueRequired":true,"valueName":"search_term_string"}}],"inLanguage":"it-IT"}]}},"_links":{"self":[{"href":"https:\/\/kaos-shop.eu\/it\/wp-json\/wp\/v2\/pages\/18368","targetHints":{"allow":["GET"]}}],"collection":[{"href":"https:\/\/kaos-shop.eu\/it\/wp-json\/wp\/v2\/pages"}],"about":[{"href":"https:\/\/kaos-shop.eu\/it\/wp-json\/wp\/v2\/types\/page"}],"author":[{"embeddable":true,"href":"https:\/\/kaos-shop.eu\/it\/wp-json\/wp\/v2\/users\/2"}],"replies":[{"embeddable":true,"href":"https:\/\/kaos-shop.eu\/it\/wp-json\/wp\/v2\/comments?post=18368"}],"version-history":[{"count":0,"href":"https:\/\/kaos-shop.eu\/it\/wp-json\/wp\/v2\/pages\/18368\/revisions"}],"wp:attachment":[{"href":"https:\/\/kaos-shop.eu\/it\/wp-json\/wp\/v2\/media?parent=18368"}],"curies":[{"name":"wp","href":"https:\/\/api.w.org\/{rel}","templated":true}]}}